{"id":339,"date":"2025-09-28T17:15:30","date_gmt":"2025-09-28T17:15:30","guid":{"rendered":"https:\/\/bald-lozyska.pl\/?page_id=339"},"modified":"2025-10-11T12:36:20","modified_gmt":"2025-10-11T12:36:20","slug":"en","status":"publish","type":"page","link":"https:\/\/bald-lozyska.pl\/index.php\/en\/","title":{"rendered":"Main Page"},"content":{"rendered":"\n<div class=\"wp-block-columns is-layout-flex wp-container-core-columns-is-layout-9d6595d7 wp-block-columns-is-layout-flex\">\n<div class=\"wp-block-column is-layout-flow wp-block-column-is-layout-flow\" style=\"flex-basis:100%\">\n<div class=\"wp-block-group\"><div class=\"wp-block-group__inner-container is-layout-constrained wp-block-group-is-layout-constrained\"><\/div><\/div>\n<\/div>\n<\/div>\n\n\n\n<div class=\"wp-block-cover alignfull is-light\" style=\"min-height:700px;aspect-ratio:unset;\"><img loading=\"lazy\" decoding=\"async\" width=\"1024\" height=\"683\" class=\"wp-block-cover__image-background wp-image-41 size-large\" alt=\"\" src=\"https:\/\/bald-lozyska.pl\/wp-content\/uploads\/2025\/09\/narzedzia-inzynieryjne-i-mechaniczne-przemyslowe-z-sztyletem-vernier-i-kulka-metalowa-bering-1024x683.jpg\" data-object-fit=\"cover\" srcset=\"https:\/\/bald-lozyska.pl\/wp-content\/uploads\/2025\/09\/narzedzia-inzynieryjne-i-mechaniczne-przemyslowe-z-sztyletem-vernier-i-kulka-metalowa-bering-1024x683.jpg 1024w, https:\/\/bald-lozyska.pl\/wp-content\/uploads\/2025\/09\/narzedzia-inzynieryjne-i-mechaniczne-przemyslowe-z-sztyletem-vernier-i-kulka-metalowa-bering-300x200.jpg 300w, https:\/\/bald-lozyska.pl\/wp-content\/uploads\/2025\/09\/narzedzia-inzynieryjne-i-mechaniczne-przemyslowe-z-sztyletem-vernier-i-kulka-metalowa-bering-768x512.jpg 768w, https:\/\/bald-lozyska.pl\/wp-content\/uploads\/2025\/09\/narzedzia-inzynieryjne-i-mechaniczne-przemyslowe-z-sztyletem-vernier-i-kulka-metalowa-bering-1536x1024.jpg 1536w, https:\/\/bald-lozyska.pl\/wp-content\/uploads\/2025\/09\/narzedzia-inzynieryjne-i-mechaniczne-przemyslowe-z-sztyletem-vernier-i-kulka-metalowa-bering-2048x1365.jpg 2048w\" sizes=\"auto, (max-width: 1024px) 100vw, 1024px\" \/><span aria-hidden=\"true\" class=\"wp-block-cover__background has-background-dim-0 has-background-dim\" style=\"background-color:#cecccb\"><\/span><div class=\"wp-block-cover__inner-container is-layout-flow wp-block-cover-is-layout-flow\">\n<div style=\"height:80px\" aria-hidden=\"true\" class=\"wp-block-spacer\"><\/div>\n\n\n\n<h2 class=\"wp-block-heading has-text-align-center has-text-color has-background\" style=\"color:#121212;background-color:#ffffff99\">\u2026all bearings, including non-standard ones,<br>we deliver immediately\u2026<br>miracles take a few days\u2026<\/h2>\n\n\n\n<p class=\"has-text-align-center\"><\/p>\n\n\n\n<div class=\"wp-block-buttons is-horizontal is-content-justification-center is-layout-flex wp-container-core-buttons-is-layout-499968f5 wp-block-buttons-is-layout-flex\">\n<div class=\"wp-block-button is-style-primary\"><a class=\"wp-block-button__link wp-element-button\" href=\"https:\/\/bald-lozyska.pl\/web-agency-gb-about-us\/\">LEARN MORE<\/a><\/div>\n<\/div>\n\n\n\n<div style=\"height:80px\" aria-hidden=\"true\" class=\"wp-block-spacer\"><\/div>\n\n\n\n<div style=\"height:80px\" aria-hidden=\"true\" class=\"wp-block-spacer\"><\/div>\n<\/div><\/div>\n\n\n\n<div style=\"height:80px\" aria-hidden=\"true\" class=\"wp-block-spacer\"><\/div>\n\n\n\n<div class=\"wp-block-columns is-layout-flex wp-container-core-columns-is-layout-9d6595d7 wp-block-columns-is-layout-flex\">\n<div class=\"wp-block-column is-layout-flow wp-block-column-is-layout-flow\"><div class=\"wp-block-image icon-style is-style-rounded\">\n<figure class=\"aligncenter size-large\"><img decoding=\"async\" src=\"https:\/\/bald-lozyska.pl\/wp-content\/uploads\/2020\/01\/neve-webdesign-GB-03.png\" alt=\"\" class=\"wp-image-20\" title=\"\"\/><\/figure><\/div>\n\n\n<div style=\"height:20px\" aria-hidden=\"true\" class=\"wp-block-spacer\"><\/div>\n\n\n\n<h3 class=\"wp-block-heading has-text-align-center has-neve-text-color-color has-text-color\">Many years of experience<\/h3>\n\n\n\n<p class=\"has-text-align-center\">We have been &#8222;working&#8221; for you continuously since 2005, constantly ensuring the highest quality of products sold and customer service.<\/p>\n\n\n\n<div style=\"height:20px\" aria-hidden=\"true\" class=\"wp-block-spacer\"><\/div>\n<\/div>\n\n\n\n<div class=\"wp-block-column is-layout-flow wp-block-column-is-layout-flow\"><div class=\"wp-block-image icon-style is-style-rounded\">\n<figure class=\"aligncenter size-large\"><img decoding=\"async\" src=\"https:\/\/bald-lozyska.pl\/wp-content\/uploads\/2020\/01\/neve-webdesign-GB-03.png\" alt=\"\"\/><\/figure><\/div>\n\n\n<div style=\"height:20px\" aria-hidden=\"true\" class=\"wp-block-spacer\"><\/div>\n\n\n\n<h3 class=\"wp-block-heading has-text-align-center has-neve-text-color-color has-text-color\">Wide selection<\/h3>\n\n\n\n<p class=\"has-text-align-center\">We offer a wide selection of bearings\u2026<br>from most of the top manufacturers<br>on the market.<\/p>\n\n\n\n<p class=\"has-text-align-center\"><\/p>\n\n\n\n<div style=\"height:20px\" aria-hidden=\"true\" class=\"wp-block-spacer\"><\/div>\n<\/div>\n\n\n\n<div class=\"wp-block-column is-layout-flow wp-block-column-is-layout-flow\"><div class=\"wp-block-image icon-style is-style-rounded\">\n<figure class=\"aligncenter size-large\"><img decoding=\"async\" src=\"https:\/\/bald-lozyska.pl\/wp-content\/uploads\/2020\/01\/neve-webdesign-GB-03.png\" alt=\"\"\/><\/figure><\/div>\n\n\n<div style=\"height:20px\" aria-hidden=\"true\" class=\"wp-block-spacer\"><\/div>\n\n\n\n<h3 class=\"wp-block-heading has-text-align-center has-neve-text-color-color has-text-color\">Quality Guarantee<\/h3>\n\n\n\n<p class=\"has-text-align-center\">Our products come with a full manufacturer&#8217;s warranty, and we make every effort to deliver only the highest quality products.<\/p>\n\n\n\n<div style=\"height:20px\" aria-hidden=\"true\" class=\"wp-block-spacer\"><\/div>\n<\/div>\n<\/div>\n\n\n\n<div style=\"height:80px\" aria-hidden=\"true\" class=\"wp-block-spacer\"><\/div>\n\n\n\n<div class=\"wp-block-cover alignfull\" style=\"min-height:600px;aspect-ratio:unset;\" id=\"aboutus\"><span aria-hidden=\"true\" class=\"wp-block-cover__background has-nv-light-bg-background-color has-background-dim-100 has-background-dim\"><\/span><div class=\"wp-block-cover__inner-container is-layout-flow wp-block-cover-is-layout-flow\">\n<div class=\"wp-block-group\"><div class=\"wp-block-group__inner-container is-layout-flow wp-block-group-is-layout-flow\">\n<div style=\"height:80px\" aria-hidden=\"true\" class=\"wp-block-spacer\"><\/div>\n\n\n\n<div class=\"wp-block-columns are-vertically-aligned-center is-layout-flex wp-container-core-columns-is-layout-9d6595d7 wp-block-columns-is-layout-flex\">\n<div class=\"wp-block-column is-vertically-aligned-center is-layout-flow wp-block-column-is-layout-flow\" style=\"flex-basis:50%\">\n<figure class=\"wp-block-image size-large\"><img decoding=\"async\" src=\"https:\/\/bald-lozyska.pl\/wp-content\/uploads\/2025\/09\/1-1.png\" alt=\"\"\/><\/figure>\n<\/div>\n\n\n\n<div class=\"wp-block-column is-vertically-aligned-center is-layout-flow wp-block-column-is-layout-flow\" style=\"flex-basis:50%\">\n<div style=\"height:20px\" aria-hidden=\"true\" class=\"wp-block-spacer\"><\/div>\n\n\n\n<h2 class=\"wp-block-heading has-text-align-left has-neve-text-color-color has-text-color\">About Us<\/h2>\n\n\n\n<p class=\"has-text-align-left has-neve-text-color-color has-text-color has-link-color wp-elements-f5805ff06f729d5ee5c4505659454508\" style=\"font-size:17px\">The year 2005 marked the beginning of our business, based on many years of experience.<\/p>\n\n\n\n<p class=\"has-neve-text-color-color has-text-color has-link-color wp-elements-ecaae576767b9fc7f5c06f180903d6c6\" style=\"font-size:17px\">FH &#8222;BALD-\u0141O\u017bYSKA&#8221; Export-Import Przemys\u0142aw Kluba operates in the wholesale sector, particularly in the trade and intermediation of all types of bearings.<\/p>\n\n\n\n<p class=\"has-neve-text-color-color has-text-color has-link-color wp-elements-01bf7a511d10cf57eae4a9967cbf313d\" style=\"font-size:17px\">We offer a wide range of products in the areas of rolling bearings, linear bearings, and related products from leading manufacturers, as well as their more affordable substitutes.<\/p>\n\n\n\n<p class=\"has-neve-text-color-color has-text-color has-link-color wp-elements-ed5cf53e5284176667997d395cb9a6b1\" style=\"font-size:17px\">We cooperate with the largest wholesalers in Poland and abroad.<\/p>\n\n\n\n<p class=\"has-text-align-left has-neve-text-color-color has-text-color has-link-color wp-elements-bbf16effdf0841d9cf0d9736c9b92e11\" style=\"font-size:17px\">For your convenience and the ability to quickly fulfill orders,<br>we have approximately 7,000-8,000 items in our warehouse ready for immediate shipment.<\/p>\n\n\n\n<div class=\"wp-block-buttons is-horizontal is-content-justification-left is-layout-flex wp-container-core-buttons-is-layout-7e5fce0a wp-block-buttons-is-layout-flex\"><\/div>\n<\/div>\n<\/div>\n\n\n\n<div style=\"height:40px\" aria-hidden=\"true\" class=\"wp-block-spacer\"><\/div>\n<\/div><\/div>\n<\/div><\/div>\n\n\n\n<div class=\"wp-block-cover alignfull\" style=\"min-height:600px;aspect-ratio:unset;\" id=\"offer\"><span aria-hidden=\"true\" class=\"wp-block-cover__background has-nv-site-bg-background-color has-background-dim-100 has-background-dim\"><\/span><div class=\"wp-block-cover__inner-container is-layout-flow wp-block-cover-is-layout-flow\">\n<div class=\"wp-block-group\"><div class=\"wp-block-group__inner-container is-layout-flow wp-block-group-is-layout-flow\">\n<div style=\"height:80px\" aria-hidden=\"true\" class=\"wp-block-spacer\"><\/div>\n\n\n\n<div class=\"wp-block-columns are-vertically-aligned-center is-layout-flex wp-container-core-columns-is-layout-9d6595d7 wp-block-columns-is-layout-flex\">\n<div class=\"wp-block-column is-vertically-aligned-center is-layout-flow wp-block-column-is-layout-flow\" style=\"flex-basis:50%\">\n<h2 class=\"wp-block-heading has-text-align-left has-neve-text-color-color has-text-color\">Our Offer<\/h2>\n\n\n\n<p class=\"has-text-align-left has-neve-text-color-color has-text-color\" style=\"font-size:17px\">Our offer includes over 7,000 ready-to-ship products, such as rolling bearings, tapered roller bearings, etc. from leading manufacturers on the market, including: SKF, TIMKEN, NSK, MGN, F\u0141T, ZKL, PPL, FAG, KOYO, STEYR, NTN and many others. We invite you to familiarize yourself with the full range of currently available products and promotional offers in the links below.<\/p>\n\n\n\n<div class=\"wp-block-buttons is-horizontal is-content-justification-left is-layout-flex wp-container-core-buttons-is-layout-7e5fce0a wp-block-buttons-is-layout-flex\">\n<div class=\"wp-block-button is-style-primary\"><a class=\"wp-block-button__link wp-element-button\" href=\"https:\/\/bald-lozyska.pl\/pdf\/oferta.pdf\" target=\"_blank\" rel=\"noreferrer noopener\">Full Offer<\/a><\/div>\n\n\n\n<div class=\"wp-block-button is-style-primary\"><a class=\"wp-block-button__link wp-element-button\" href=\"https:\/\/bald-lozyska.pl\/pdf\/promocje.pdf\" target=\"_blank\" rel=\"noreferrer noopener\">Promotion Offer<\/a><\/div>\n<\/div>\n\n\n\n<div style=\"height:40px\" aria-hidden=\"true\" class=\"wp-block-spacer\"><\/div>\n<\/div>\n\n\n\n<div class=\"wp-block-column is-vertically-aligned-center is-layout-flow wp-block-column-is-layout-flow\" style=\"flex-basis:50%\">\n<figure class=\"wp-block-image size-large\"><img decoding=\"async\" src=\"https:\/\/bald-lozyska.pl\/wp-content\/uploads\/2025\/09\/ball-bearing-1236203-1024x1018.png\" alt=\"\"\/><\/figure>\n<\/div>\n<\/div>\n\n\n\n<div style=\"height:40px\" aria-hidden=\"true\" class=\"wp-block-spacer\"><\/div>\n<\/div><\/div>\n<\/div><\/div>\n\n\n\n<div class=\"wp-block-cover alignfull\" style=\"min-height:600px;aspect-ratio:unset;\" id=\"contact\"><span aria-hidden=\"true\" class=\"wp-block-cover__background has-nv-dark-bg-background-color has-background-dim-100 has-background-dim\"><\/span><div class=\"wp-block-cover__inner-container is-layout-flow wp-block-cover-is-layout-flow\">\n<div class=\"wp-block-group\"><div class=\"wp-block-group__inner-container is-layout-flow wp-block-group-is-layout-flow\">\n<div class=\"wp-block-columns are-vertically-aligned-center is-layout-flex wp-container-core-columns-is-layout-9d6595d7 wp-block-columns-is-layout-flex\">\n<div class=\"wp-block-column is-vertically-aligned-center is-layout-flow wp-block-column-is-layout-flow\" style=\"flex-basis:50%\"><div style=\"height:400pxpx;\" class=\"wp-block-themeisle-blocks-leaflet-map\" id=\"wp-block-themeisle-blocks-leaflet-map-3367420d\"><\/div>\n<script type=\"text\/javascript\">\n\t\/* <![CDATA[ *\/\n\t\tif ( ! window.themeisleLeafletMaps ) window.themeisleLeafletMaps =[];\n\t\twindow.themeisleLeafletMaps.push( { container: \"wp-block-themeisle-blocks-leaflet-map-3367420d\", attributes: {\"id\":\"wp-block-themeisle-blocks-leaflet-map-3367420d\",\"latitude\":\"50.69914981630745\",\"longitude\":\"19.143655300140384\",\"bbox\":\"19.137582778930668,50.69643045056708,19.14974927902222,50.70186690088334\",\"zoom\":16,\"markers\":[{\"id\":\"41512ee4-bd03-42ed-a295-0ed651c7cd46\",\"latitude\":\"50.699048\",\"longitude\":\"19.145176\",\"title\":\"BALD-LOZYSKA\",\"description\":\"<p>FH \\\"BALD-LOZYSKA\\\"<br \\\/>Graniczna 2A str<br \\\/>42-262 Kolonia Poczesna POLAND<\\\/p>\"}],\"location\":\"La Sagrada Familia, Barcelona, Spain\",\"height\":\"400px\",\"zoomControl\":true,\"draggable\":true,\"hasCustomCSS\":false,\"customCSS\":\"\",\"otterConditions\":[]} } );\n\t\/* ]]> *\/\n<\/script>\n<\/div>\n\n\n\n<div class=\"wp-block-column is-vertically-aligned-center is-layout-flow wp-block-column-is-layout-flow\" style=\"flex-basis:50%\">\n<h2 class=\"wp-block-heading has-text-align-left has-nv-text-dark-bg-color has-text-color\">Contact<\/h2>\n\n\n\n<p class=\"has-text-align-left has-nv-text-dark-bg-color has-text-color\" style=\"font-size:17px\">FH &#8222;BALD-LOZYSKA&#8221; IMPORT-EXPORT<br>Graniczna 2A str.<br>42-262 Kolonia Poczesna POLAND<br><br>Kom.: 0048 506-078-208<br>FAX: 0048 34 389-50-70<\/p>\n\n\n\n<p class=\"has-text-align-left has-nv-text-dark-bg-color has-text-color\" style=\"font-size:17px\">email: biuro@bald-lozyska.pl<br>              bearings@poczta.fm<\/p>\n\n\n\n<p class=\"has-text-align-left has-nv-text-dark-bg-color has-text-color\" style=\"font-size:17px\">EU TAX: PL949 052 34 99<\/p>\n<\/div>\n<\/div>\n<\/div><\/div>\n<\/div><\/div>\n","protected":false},"excerpt":{"rendered":"<p>Many years of experience We have been &#8222;working&#8221; for you continuously since 2005, constantly ensuring the highest quality of products sold and customer service. Wide selection We offer a wide selection of bearings\u2026from most of the top manufacturerson the market. Quality Guarantee Our products come with a full manufacturer&#8217;s warranty, and we make every effort&hellip;&nbsp;<\/p>\n","protected":false},"author":1,"featured_media":0,"parent":0,"menu_order":0,"comment_status":"closed","ping_status":"closed","template":"","meta":{"neve_meta_sidebar":"default","neve_meta_container":"default","neve_meta_enable_content_width":"on","neve_meta_content_width":100,"neve_meta_title_alignment":"","neve_meta_author_avatar":"","neve_post_elements_order":"","neve_meta_disable_header":"","neve_meta_disable_footer":"","neve_meta_disable_title":"on","_themeisle_gutenberg_block_has_review":false,"footnotes":""},"class_list":["post-339","page","type-page","status-publish","hentry"],"_links":{"self":[{"href":"https:\/\/bald-lozyska.pl\/index.php\/wp-json\/wp\/v2\/pages\/339","targetHints":{"allow":["GET"]}}],"collection":[{"href":"https:\/\/bald-lozyska.pl\/index.php\/wp-json\/wp\/v2\/pages"}],"about":[{"href":"https:\/\/bald-lozyska.pl\/index.php\/wp-json\/wp\/v2\/types\/page"}],"author":[{"embeddable":true,"href":"https:\/\/bald-lozyska.pl\/index.php\/wp-json\/wp\/v2\/users\/1"}],"replies":[{"embeddable":true,"href":"https:\/\/bald-lozyska.pl\/index.php\/wp-json\/wp\/v2\/comments?post=339"}],"version-history":[{"count":18,"href":"https:\/\/bald-lozyska.pl\/index.php\/wp-json\/wp\/v2\/pages\/339\/revisions"}],"predecessor-version":[{"id":433,"href":"https:\/\/bald-lozyska.pl\/index.php\/wp-json\/wp\/v2\/pages\/339\/revisions\/433"}],"wp:attachment":[{"href":"https:\/\/bald-lozyska.pl\/index.php\/wp-json\/wp\/v2\/media?parent=339"}],"curies":[{"name":"wp","href":"https:\/\/api.w.org\/{rel}","templated":true}]}}